{"id":648,"date":"2021-04-03T17:08:51","date_gmt":"2021-04-03T17:08:51","guid":{"rendered":"http:\/\/kpnysa.silezjaplus.eu\/index.php\/zyczenia-wielkanocne\/"},"modified":"2021-04-03T11:37:41","modified_gmt":"2021-04-03T11:37:41","slug":"zyczenia-wielkanocne","status":"publish","type":"page","link":"https:\/\/kpnysa.silezjaplus.eu\/index.php\/zyczenia-wielkanocne\/","title":{"rendered":"\u017byczenia Wielkanocne"},"content":{"rendered":"<h3>Z okazji nadchodz\u0105cych \u015awi\u0105t Wielkanocy<em>.&nbsp;<\/em><\/h3>\n<p><em>Zdrowych, pogodnych \u015awi\u0105t Wielkanocnych,&nbsp;<br \/>\npe\u0142nych wiary, nadziei i mi\u0142o\u015bci.<br \/>\nRadosnego, wiosennego nastroju,&nbsp;<br \/>\nserdecznych spotka\u0144 w gronie rodziny&nbsp;<br \/>\ni w\u015br\u00f3d przyjaci\u00f3\u0142&nbsp;<br \/>\noraz weso\u0142ego Alleluja<\/em><\/p>\n<p>Zarz\u0105d i Prezes Stowarzyszenia&nbsp;Pszczelarzy w Nysie&nbsp;<\/p>\n","protected":false},"excerpt":{"rendered":"<p>Z okazji nadchodz\u0105cych \u015awi\u0105t Wielkanocy.&nbsp; Zdrowych, pogodnych \u015awi\u0105t Wielkanocnych,&nbsp; pe\u0142nych wiary, nadziei i mi\u0142o\u015bci. Radosnego, wiosennego nastroju,&nbsp; serdecznych spotka\u0144 w gronie rodziny&nbsp; i w\u015br\u00f3d przyjaci\u00f3\u0142&nbsp; oraz weso\u0142ego Alleluja Zarz\u0105d i Prezes Stowarzyszenia&nbsp;Pszczelarzy w Nysie&nbsp;<\/p>\n","protected":false},"author":1,"featured_media":0,"parent":0,"menu_order":0,"comment_status":"closed","ping_status":"closed","template":"","meta":{"footnotes":""},"class_list":["post-648","page","type-page","status-publish","hentry"],"_links":{"self":[{"href":"https:\/\/kpnysa.silezjaplus.eu\/index.php\/wp-json\/wp\/v2\/pages\/648","targetHints":{"allow":["GET"]}}],"collection":[{"href":"https:\/\/kpnysa.silezjaplus.eu\/index.php\/wp-json\/wp\/v2\/pages"}],"about":[{"href":"https:\/\/kpnysa.silezjaplus.eu\/index.php\/wp-json\/wp\/v2\/types\/page"}],"author":[{"embeddable":true,"href":"https:\/\/kpnysa.silezjaplus.eu\/index.php\/wp-json\/wp\/v2\/users\/1"}],"replies":[{"embeddable":true,"href":"https:\/\/kpnysa.silezjaplus.eu\/index.php\/wp-json\/wp\/v2\/comments?post=648"}],"version-history":[{"count":0,"href":"https:\/\/kpnysa.silezjaplus.eu\/index.php\/wp-json\/wp\/v2\/pages\/648\/revisions"}],"wp:attachment":[{"href":"https:\/\/kpnysa.silezjaplus.eu\/index.php\/wp-json\/wp\/v2\/media?parent=648"}],"curies":[{"name":"wp","href":"https:\/\/api.w.org\/{rel}","templated":true}]}}