{"id":647,"date":"2017-03-28T17:28:27","date_gmt":"2017-03-28T17:28:27","guid":{"rendered":"http:\/\/kpnysa.silezjaplus.eu\/index.php\/informacja-z-arr-wstrzymanie-wsparcia-produktow-pszczelarskich-do-roku-2019\/"},"modified":"2017-03-28T17:35:49","modified_gmt":"2017-03-28T17:35:49","slug":"informacja-z-arr-wstrzymanie-wsparcia-produktow-pszczelarskich-do-roku-2019","status":"publish","type":"page","link":"https:\/\/kpnysa.silezjaplus.eu\/index.php\/informacja-z-arr-wstrzymanie-wsparcia-produktow-pszczelarskich-do-roku-2019\/","title":{"rendered":"Informacja z ARR &#8211;  wstrzymanie wsparcia produkt\u00f3w pszczelarskich do roku 2019"},"content":{"rendered":"<h4>INFORMACJA O UCHYLENIU TERMIN\u00d3W NA SK\u0141ADANIE PROJEKT\u00d3W W RAMACH MECHANIZMU WSPARCIE RYNKU PRODUKT\u00d3W PSZCZELICH NA LATA 2017\/2018 i 2018\/2019.<\/h4>\n<p>Agencj\u0119 Rynku Rolnego zwraca si\u0119 z pro\u015bb\u0105 o nie podejmowanie w chwili obecnej prac zwi\u0105zanych z opracowaniem projekt\u00f3w na sezon 2017\/2018<\/p>\n<p>Zgodnie z w\/w Zarz\u0105dzeniem&nbsp;<strong>uchylony zosta\u0142 termin sk\u0142adania projekt\u00f3w na sezon 2017\/2018 tj. 28 kwietnia 2017 r. i sezon 2018\/2019 tj. 30 kwietnia 2018 r.<\/strong>a obecnie ustalone przez Agencj\u0119 Rynku Rolnego ,,Warunki (\u2026)\u201d obowi\u0105zuj\u0105 wy\u0142\u0105cznie w sezonie 2016\/2017.<\/p>\n<p>Szczeg\u00f3\u0142y na stronie:<\/p>\n<p><a href=\"http:\/\/www.arr.gov.pl\/wsparcie-rynkowe\/produkty-pszczele\">http:\/\/www.arr.gov.pl\/wsparcie-rynkowe\/produkty-pszczele<\/a><\/p>\n","protected":false},"excerpt":{"rendered":"<p>INFORMACJA O UCHYLENIU TERMIN\u00d3W NA SK\u0141ADANIE PROJEKT\u00d3W W RAMACH MECHANIZMU WSPARCIE RYNKU PRODUKT\u00d3W PSZCZELICH NA LATA 2017\/2018 i 2018\/2019. Agencj\u0119 Rynku Rolnego zwraca si\u0119 z pro\u015bb\u0105 o nie podejmowanie w chwili obecnej prac zwi\u0105zanych z opracowaniem projekt\u00f3w na sezon 2017\/2018 Zgodnie z w\/w Zarz\u0105dzeniem&nbsp;uchylony zosta\u0142 termin sk\u0142adania projekt\u00f3w na sezon 2017\/2018 tj. 28 kwietnia 2017\u2026 <span class=\"read-more\"><a href=\"https:\/\/kpnysa.silezjaplus.eu\/index.php\/informacja-z-arr-wstrzymanie-wsparcia-produktow-pszczelarskich-do-roku-2019\/\">Dowiedz si\u0119 wi\u0119cej &raquo;<\/a><\/span><\/p>\n","protected":false},"author":1,"featured_media":0,"parent":0,"menu_order":0,"comment_status":"closed","ping_status":"closed","template":"","meta":{"footnotes":""},"class_list":["post-647","page","type-page","status-publish","hentry"],"_links":{"self":[{"href":"https:\/\/kpnysa.silezjaplus.eu\/index.php\/wp-json\/wp\/v2\/pages\/647","targetHints":{"allow":["GET"]}}],"collection":[{"href":"https:\/\/kpnysa.silezjaplus.eu\/index.php\/wp-json\/wp\/v2\/pages"}],"about":[{"href":"https:\/\/kpnysa.silezjaplus.eu\/index.php\/wp-json\/wp\/v2\/types\/page"}],"author":[{"embeddable":true,"href":"https:\/\/kpnysa.silezjaplus.eu\/index.php\/wp-json\/wp\/v2\/users\/1"}],"replies":[{"embeddable":true,"href":"https:\/\/kpnysa.silezjaplus.eu\/index.php\/wp-json\/wp\/v2\/comments?post=647"}],"version-history":[{"count":0,"href":"https:\/\/kpnysa.silezjaplus.eu\/index.php\/wp-json\/wp\/v2\/pages\/647\/revisions"}],"wp:attachment":[{"href":"https:\/\/kpnysa.silezjaplus.eu\/index.php\/wp-json\/wp\/v2\/media?parent=647"}],"curies":[{"name":"wp","href":"https:\/\/api.w.org\/{rel}","templated":true}]}}