{"id":646,"date":"2017-02-10T16:59:59","date_gmt":"2017-02-10T16:59:59","guid":{"rendered":"http:\/\/kpnysa.silezjaplus.eu\/index.php\/plan-zebrania-kola-19-02-2017\/"},"modified":"2017-02-10T17:07:31","modified_gmt":"2017-02-10T17:07:31","slug":"plan-zebrania-kola-19-02-2017","status":"publish","type":"page","link":"https:\/\/kpnysa.silezjaplus.eu\/index.php\/plan-zebrania-kola-19-02-2017\/","title":{"rendered":"Plan zebrania ko\u0142a 19.02.2017"},"content":{"rendered":"<p>PORZ\u0104DEK OBRAD ZEBRANIA SPRAWOZDAWCZEGO&nbsp;<\/p>\n<p>KO\u0141A PSZCZELARZY W NYSIE W DNIU <strong>19.02.2017r <\/strong><\/p>\n<p>&nbsp;<\/p>\n<p>1. Otwarcie &nbsp;Zebrania Sprawozdawczego Ko\u0142a Pszczelarzy w Nysie, przywitanie zaproszonych go\u015bci .<\/p>\n<p>2. Wyb\u00f3r Przewodnicz\u0105cego&nbsp; Zebrania oraz Sekretarza \u2013 po wyborze przewodnicz\u0105cy przejmuje prowadzenie zebrania.<\/p>\n<p>&nbsp;3. Przedstawienie przez Przewodnicz\u0105cego planowanego porz\u0105dku obrad. Zg\u0142aszanie zmian do porz\u0105dku obrad. G\u0142osowanie nad zmianami do porz\u0105dku obrad.<\/p>\n<p>&nbsp;4. Przedstawienie przez Prezesa Ko\u0142a&nbsp; &nbsp;sprawozdania Zarz\u0105du &nbsp;z dzia\u0142alno\u015bci Ko\u0142a&nbsp; za 2016 rok , &nbsp;<\/p>\n<p>&nbsp;5. Zbiorcze sprawozdanie finansowe skarbnika Ko\u0142a i Komisji Rewizyjnej<\/p>\n<p>&nbsp;6 Wyst\u0105pienie Prezesa WZP w Opolu.<\/p>\n<p>&nbsp;7. Przedstawienie przez Prezesa Zarz\u0105d Ko\u0142a planu prac na rok 2017 i preliminarza bud\u017cetowego.<\/p>\n<p>&nbsp;8. Dyskusja nad przedstawionymi&nbsp; sprawozdaniami ,planem pracy, preliminarzem bud\u017cetowym.<\/p>\n<p>&nbsp;9.Sprawy bie\u017c\u0105ce<\/p>\n<p>&#8211; wyniki bada\u0144 pr\u00f3bek pszcz\u00f3\u0142&nbsp; oraz om\u00f3wienie wynik\u00f3w,<\/p>\n<p>&#8211; ubezpieczenie pasiek &#8211; sk\u0142adka tak jak w 2016 roku,<\/p>\n<p>&#8211; &nbsp;zapisy na leki na 2017 rok,<\/p>\n<p>&#8211; informacja na temat wyk\u0142adu pszczelarskiego na temat \u201e APITERAPI\u201d w dniu&nbsp; 08.04.2017,<\/p>\n<p>&#8211; zapisy na s\u0142oik na 2017 rok.<\/p>\n<p>&nbsp;10. G\u0142osowanie nad przyj\u0119ciem sprawozdania Zarz\u0105du oraz Komisji Rewizyjnej.<\/p>\n<p>&nbsp;11. G\u0142osowanie nad planem pracy oraz preliminarzem bud\u017cetowym.&nbsp;&nbsp;<\/p>\n<p>&nbsp;12. Wolne wnioski.<\/p>\n<p>&nbsp;13. Zamkni\u0119cie&nbsp; Zebrania Sprawozdawczego Ko\u0142a Pszczelarzy w Nysie.<\/p>\n<p>&nbsp;<\/p>\n<p>&nbsp;&nbsp;&nbsp;&nbsp;&nbsp;&nbsp;&nbsp;&nbsp;&nbsp;&nbsp;&nbsp;&nbsp;&nbsp;&nbsp;&nbsp;&nbsp;&nbsp;&nbsp;&nbsp;&nbsp;&nbsp;&nbsp;&nbsp;&nbsp;&nbsp;&nbsp;&nbsp;&nbsp;&nbsp;&nbsp;&nbsp;&nbsp;&nbsp;&nbsp;&nbsp;&nbsp;&nbsp;&nbsp;&nbsp;&nbsp;&nbsp;&nbsp;&nbsp;&nbsp;&nbsp;&nbsp;&nbsp;&nbsp;&nbsp;&nbsp;&nbsp;&nbsp;&nbsp;&nbsp;&nbsp;&nbsp;&nbsp;&nbsp;&nbsp;&nbsp;&nbsp;&nbsp;&nbsp;&nbsp;&nbsp;&nbsp;&nbsp;&nbsp;&nbsp;&nbsp;&nbsp;&nbsp;&nbsp;&nbsp;&nbsp;&nbsp;&nbsp;&nbsp;&nbsp;&nbsp;&nbsp;&nbsp;&nbsp;&nbsp;&nbsp;&nbsp;&nbsp;&nbsp;&nbsp;&nbsp;&nbsp;&nbsp;&nbsp;&nbsp;&nbsp;&nbsp;&nbsp;&nbsp;&nbsp;&nbsp;&nbsp; Zarz\u0105d Ko\u0142a Pszczelarzy<\/p>\n<p>&nbsp;&nbsp;&nbsp;&nbsp;&nbsp;&nbsp;&nbsp;&nbsp;&nbsp;&nbsp;&nbsp;&nbsp;&nbsp;&nbsp;&nbsp;&nbsp;&nbsp;&nbsp;&nbsp;&nbsp;&nbsp;&nbsp;&nbsp;&nbsp; &nbsp;&nbsp;&nbsp;&nbsp;&nbsp;&nbsp;&nbsp;&nbsp;&nbsp;&nbsp;&nbsp;&nbsp;&nbsp;&nbsp;&nbsp;&nbsp;&nbsp;&nbsp;&nbsp;&nbsp;&nbsp;&nbsp;&nbsp;&nbsp;&nbsp;&nbsp;&nbsp;&nbsp;&nbsp;&nbsp;&nbsp;&nbsp;&nbsp;&nbsp;&nbsp;&nbsp;&nbsp;&nbsp;&nbsp;&nbsp;&nbsp;&nbsp;&nbsp;&nbsp;&nbsp;&nbsp;&nbsp;&nbsp;&nbsp;&nbsp;&nbsp;&nbsp;&nbsp;&nbsp;&nbsp;&nbsp;&nbsp;&nbsp;&nbsp;&nbsp;&nbsp;&nbsp;&nbsp;&nbsp;&nbsp;&nbsp;&nbsp;&nbsp;&nbsp;&nbsp;&nbsp;&nbsp;&nbsp;&nbsp;&nbsp;&nbsp;&nbsp;&nbsp;&nbsp;&nbsp;&nbsp;&nbsp;&nbsp;&nbsp;&nbsp;&nbsp;&nbsp;w&nbsp;&nbsp;&nbsp; Nysie<\/p>\n<p>&nbsp;<\/p>\n<p>Plik z <a href=\"http:\/\/www.kp.nysa.pl\/plk\/2017\/Porzadek_obrad_19.02.2017.pdf\">Porz\u0105dek Obrak ko\u0142a.pdf<\/a><\/p>\n","protected":false},"excerpt":{"rendered":"<p>PORZ\u0104DEK OBRAD ZEBRANIA SPRAWOZDAWCZEGO&nbsp; KO\u0141A PSZCZELARZY W NYSIE W DNIU 19.02.2017r &nbsp; 1. Otwarcie &nbsp;Zebrania Sprawozdawczego Ko\u0142a Pszczelarzy w Nysie, przywitanie zaproszonych go\u015bci . 2. Wyb\u00f3r Przewodnicz\u0105cego&nbsp; Zebrania oraz Sekretarza \u2013 po wyborze przewodnicz\u0105cy przejmuje prowadzenie zebrania. &nbsp;3. Przedstawienie przez Przewodnicz\u0105cego planowanego porz\u0105dku obrad. Zg\u0142aszanie zmian do porz\u0105dku obrad. G\u0142osowanie nad zmianami do porz\u0105dku obrad.\u2026 <span class=\"read-more\"><a href=\"https:\/\/kpnysa.silezjaplus.eu\/index.php\/plan-zebrania-kola-19-02-2017\/\">Dowiedz si\u0119 wi\u0119cej &raquo;<\/a><\/span><\/p>\n","protected":false},"author":1,"featured_media":0,"parent":0,"menu_order":0,"comment_status":"closed","ping_status":"closed","template":"","meta":{"footnotes":""},"class_list":["post-646","page","type-page","status-publish","hentry"],"_links":{"self":[{"href":"https:\/\/kpnysa.silezjaplus.eu\/index.php\/wp-json\/wp\/v2\/pages\/646","targetHints":{"allow":["GET"]}}],"collection":[{"href":"https:\/\/kpnysa.silezjaplus.eu\/index.php\/wp-json\/wp\/v2\/pages"}],"about":[{"href":"https:\/\/kpnysa.silezjaplus.eu\/index.php\/wp-json\/wp\/v2\/types\/page"}],"author":[{"embeddable":true,"href":"https:\/\/kpnysa.silezjaplus.eu\/index.php\/wp-json\/wp\/v2\/users\/1"}],"replies":[{"embeddable":true,"href":"https:\/\/kpnysa.silezjaplus.eu\/index.php\/wp-json\/wp\/v2\/comments?post=646"}],"version-history":[{"count":0,"href":"https:\/\/kpnysa.silezjaplus.eu\/index.php\/wp-json\/wp\/v2\/pages\/646\/revisions"}],"wp:attachment":[{"href":"https:\/\/kpnysa.silezjaplus.eu\/index.php\/wp-json\/wp\/v2\/media?parent=646"}],"curies":[{"name":"wp","href":"https:\/\/api.w.org\/{rel}","templated":true}]}}