{"id":645,"date":"2017-12-20T18:03:31","date_gmt":"2017-12-20T18:03:31","guid":{"rendered":"http:\/\/kpnysa.silezjaplus.eu\/index.php\/zyczenia-swiateczne\/"},"modified":"2017-12-20T18:23:11","modified_gmt":"2017-12-20T18:23:11","slug":"zyczenia-swiateczne","status":"publish","type":"page","link":"https:\/\/kpnysa.silezjaplus.eu\/index.php\/zyczenia-swiateczne\/","title":{"rendered":"\u017byczenia \u015bwi\u0105teczne"},"content":{"rendered":"<h3>Z okazji nadchodz\u0105cych \u015awi\u0105t Bo\u017cego Narodzenia<\/h3>\n<p><em>Sk\u0142adamy serdeczne \u017cyczenia<br \/>\nwszelkiej pomy\u015blno\u015bci, niepowtarzalnej atmosfery,<br \/>\nciep\u0142a oraz obfito\u015bci wszelkich d\u00f3br.<br \/>\nNiech rado\u015b\u0107 i pok\u00f3j \u015awi\u0105t Bo\u017cego Narodzenia,&nbsp;<br \/>\npoczucie prywatnego i zawodowego spe\u0142nienia<br \/>\ntowarzysz\u0105 przez ca\u0142y Nowy Rok.&nbsp;<\/em><\/p>\n<p>&nbsp;<\/p>\n<p>Zarz\u0105d i Prezes Ko\u0142a Pszczelarzy w Nysie&nbsp;<\/p>\n<p>&nbsp;<\/p>\n<p><!--more--><\/p>\n<h3>Z okazji nadchodz\u0105cych \u015awi\u0105t Bo\u017cego Narodzenia<\/h3>\n<p><em>Sk\u0142adamy serdeczne \u017cyczenia<br \/>\nwszelkiej pomy\u015blno\u015bci, niepowtarzalnej atmosfery,<br \/>\nciep\u0142a oraz obfito\u015bci wszelkich d\u00f3br.<br \/>\nNiech rado\u015b\u0107 i pok\u00f3j \u015awi\u0105t Bo\u017cego Narodzenia,&nbsp;<br \/>\npoczucie prywatnego i zawodowego spe\u0142nienia<br \/>\ntowarzysz\u0105 przez ca\u0142y Nowy Rok.&nbsp;<\/em><\/p>\n<p>&nbsp;<\/p>\n<p>Zarz\u0105d i Prezes Ko\u0142a Pszczelarzy w Nysie&nbsp;<\/p>\n<p><img loading=\"lazy\" decoding=\"async\" class=\" size-full wp-image-418\" alt=\"pszczoly\" data-align=\"center\" data-entity-type=\"file\" data-entity-uuid=\"432fd9bb-64ef-4a80-8152-475314cd7344\" src=\"http:\/\/kpnysa.silezjaplus.eu\/wp-content\/uploads\/2021\/12\/swiatecznepszczoly_0.jpg\" width=\"400\" height=\"266\" \/><\/p>\n<p>&nbsp;<\/p>\n","protected":false},"excerpt":{"rendered":"<p>Z okazji nadchodz\u0105cych \u015awi\u0105t Bo\u017cego Narodzenia Sk\u0142adamy serdeczne \u017cyczenia wszelkiej pomy\u015blno\u015bci, niepowtarzalnej atmosfery, ciep\u0142a oraz obfito\u015bci wszelkich d\u00f3br. Niech rado\u015b\u0107 i pok\u00f3j \u015awi\u0105t Bo\u017cego Narodzenia,&nbsp; poczucie prywatnego i zawodowego spe\u0142nienia towarzysz\u0105 przez ca\u0142y Nowy Rok.&nbsp; &nbsp; Zarz\u0105d i Prezes Ko\u0142a Pszczelarzy w Nysie&nbsp; &nbsp;<\/p>\n","protected":false},"author":1,"featured_media":418,"parent":0,"menu_order":0,"comment_status":"closed","ping_status":"closed","template":"","meta":{"footnotes":""},"class_list":["post-645","page","type-page","status-publish","has-post-thumbnail","hentry"],"_links":{"self":[{"href":"https:\/\/kpnysa.silezjaplus.eu\/index.php\/wp-json\/wp\/v2\/pages\/645","targetHints":{"allow":["GET"]}}],"collection":[{"href":"https:\/\/kpnysa.silezjaplus.eu\/index.php\/wp-json\/wp\/v2\/pages"}],"about":[{"href":"https:\/\/kpnysa.silezjaplus.eu\/index.php\/wp-json\/wp\/v2\/types\/page"}],"author":[{"embeddable":true,"href":"https:\/\/kpnysa.silezjaplus.eu\/index.php\/wp-json\/wp\/v2\/users\/1"}],"replies":[{"embeddable":true,"href":"https:\/\/kpnysa.silezjaplus.eu\/index.php\/wp-json\/wp\/v2\/comments?post=645"}],"version-history":[{"count":0,"href":"https:\/\/kpnysa.silezjaplus.eu\/index.php\/wp-json\/wp\/v2\/pages\/645\/revisions"}],"wp:featuredmedia":[{"embeddable":true,"href":"https:\/\/kpnysa.silezjaplus.eu\/index.php\/wp-json\/wp\/v2\/media\/418"}],"wp:attachment":[{"href":"https:\/\/kpnysa.silezjaplus.eu\/index.php\/wp-json\/wp\/v2\/media?parent=645"}],"curies":[{"name":"wp","href":"https:\/\/api.w.org\/{rel}","templated":true}]}}