{"id":643,"date":"2016-09-05T17:10:28","date_gmt":"2016-09-05T17:10:28","guid":{"rendered":"http:\/\/kpnysa.silezjaplus.eu\/index.php\/wycieczka-kola-do-przemkowa-24-25-09-2016\/"},"modified":"2016-10-06T18:09:27","modified_gmt":"2016-10-06T18:09:27","slug":"wycieczka-kola-do-przemkowa-24-25-09-2016","status":"publish","type":"page","link":"https:\/\/kpnysa.silezjaplus.eu\/index.php\/wycieczka-kola-do-przemkowa-24-25-09-2016\/","title":{"rendered":"Wycieczka ko\u0142a do Przemkowa 24-25.09.2016"},"content":{"rendered":"<p><strong>Wyjazd <\/strong>na wycieczk\u0119 do Przemkowa w dniu <strong>24.09.2016 o godzinie 8.00 spod Katedry w Nysie.<\/strong><\/p>\n<p>W wycieczce bior\u0105 udzia\u0142 cz\u0142onkowie ko\u0142a i ich rodziny.<\/p>\n<p>S\u0105 jeszcze wolne miejsca. Informacji udzielaj\u0105 cz\u0142onkowie &nbsp;Zarz\u0105du.<\/p>\n<p>&nbsp;<\/p>\n<p><a href=\"http:\/\/www.przemkow.pl\/index.php\/swieto-miodu-i-wina\/program-xvi-dsmiw\">http:\/\/www.przemkow.pl\/index.php\/swieto-miodu-i-wina\/program-xvi-dsmiw<\/a><\/p>\n","protected":false},"excerpt":{"rendered":"<p>Wyjazd na wycieczk\u0119 do Przemkowa w dniu 24.09.2016 o godzinie 8.00 spod Katedry w Nysie. W wycieczce bior\u0105 udzia\u0142 cz\u0142onkowie ko\u0142a i ich rodziny. S\u0105 jeszcze wolne miejsca. Informacji udzielaj\u0105 cz\u0142onkowie &nbsp;Zarz\u0105du. &nbsp; http:\/\/www.przemkow.pl\/index.php\/swieto-miodu-i-wina\/program-xvi-dsmiw<\/p>\n","protected":false},"author":1,"featured_media":0,"parent":0,"menu_order":0,"comment_status":"closed","ping_status":"closed","template":"","meta":{"footnotes":""},"class_list":["post-643","page","type-page","status-publish","hentry"],"_links":{"self":[{"href":"https:\/\/kpnysa.silezjaplus.eu\/index.php\/wp-json\/wp\/v2\/pages\/643","targetHints":{"allow":["GET"]}}],"collection":[{"href":"https:\/\/kpnysa.silezjaplus.eu\/index.php\/wp-json\/wp\/v2\/pages"}],"about":[{"href":"https:\/\/kpnysa.silezjaplus.eu\/index.php\/wp-json\/wp\/v2\/types\/page"}],"author":[{"embeddable":true,"href":"https:\/\/kpnysa.silezjaplus.eu\/index.php\/wp-json\/wp\/v2\/users\/1"}],"replies":[{"embeddable":true,"href":"https:\/\/kpnysa.silezjaplus.eu\/index.php\/wp-json\/wp\/v2\/comments?post=643"}],"version-history":[{"count":0,"href":"https:\/\/kpnysa.silezjaplus.eu\/index.php\/wp-json\/wp\/v2\/pages\/643\/revisions"}],"wp:attachment":[{"href":"https:\/\/kpnysa.silezjaplus.eu\/index.php\/wp-json\/wp\/v2\/media?parent=643"}],"curies":[{"name":"wp","href":"https:\/\/api.w.org\/{rel}","templated":true}]}}