{"id":640,"date":"2016-04-18T21:12:45","date_gmt":"2016-04-18T21:12:45","guid":{"rendered":"http:\/\/kpnysa.silezjaplus.eu\/index.php\/linki\/"},"modified":"2016-10-18T19:48:17","modified_gmt":"2016-10-18T19:48:17","slug":"linki","status":"publish","type":"page","link":"https:\/\/kpnysa.silezjaplus.eu\/index.php\/linki\/","title":{"rendered":"Linki"},"content":{"rendered":"<p><strong>Linki<\/strong><\/p>\n<p>1) &nbsp;stron pasiek pszczelarzy z ko\u0142a<\/p>\n<ul>\n<li><a href=\"http:\/\/www.pasiekapszczolka.eu\/\">Pasieka Pszcz\u00f3\u0142ka&nbsp;<\/a><\/li>\n<li><a href=\"https:\/\/www.facebook.com\/Pasieka-Czarkowice-157008267694260\/\">Pasieka-Czarkowice<\/a>&nbsp;(facebook)<\/li>\n<\/ul>\n<p>2) Strony zwi\u0105zku pszczelarzy i ko\u0142a<\/p>\n<ul>\n<li><a href=\"https:\/\/www.facebook.com\/kpnysapl\">Ko\u0142o Pszczelarzy w Nysie (facebook)<\/a><\/li>\n<li><a href=\"http:\/\/wzp.opole.pl\/\">Wojew\u00f3dzki Zwi\u0105zek Pszczelarzy w Opolu<\/a>&nbsp;<\/li>\n<li><a href=\"https:\/\/www.facebook.com\/WZPwOpolu\">Wojew\u00f3dzki Zwi\u0105zek Pszczelarzy w Opolu<\/a>(facebook)<\/li>\n<li><a href=\"http:\/\/zwiazek-pszczelarski.pl\/\">Polski Zwi\u0105zek Pszczlarzy<\/a><\/li>\n<li><a href=\"https:\/\/pl-pl.facebook.com\/KoloPszczelarzywGlubczycach\/\">Ko\u0142o pszczelarzy w G\u0142ubczycach<\/a>(facebook)<\/li>\n<\/ul>\n<p>3) Inne<\/p>\n<ul>\n<li><a href=\"http:\/\/www.powiat.nysa.pl\/\" onmousedown=\"return rwt(this,'','','','1','AFQjCNFTCzZ9iAND8gQI-G4YIhSjUt9JoQ','','0ahUKEwisjr7IjeXPAhXGEiwKHaMnCB4QFgggMAA','','',event)\">Starostwo Powiatowe w Nysie<\/a><\/li>\n<li><a href=\"http:\/\/www.nysa.eu\/\">Urz\u0105d Miasta Nysa<\/a><\/li>\n<li><a href=\"http:\/\/www.korfantow.pl\/\" onmousedown=\"return rwt(this,'','','','1','AFQjCNFcnEOuPBkbmSphU0BENXw7WTO0nA','','0ahUKEwiNyL2WjuXPAhWKBSwKHUX_CbEQFggdMAA','','',event)\">Urz\u0105d Miejski w Korfantowie<\/a>&nbsp;<\/li>\n<li><a data-href=\"http:\/\/www.otmuchow.pl\/\" href=\"https:\/\/www.google.pl\/url?sa=t&amp;rct=j&amp;q=&amp;esrc=s&amp;source=web&amp;cd=1&amp;cad=rja&amp;uact=8&amp;sqi=2&amp;ved=0ahUKEwi-jverjuXPAhUBBiwKHX27DMMQFggdMAA&amp;url=http%3A%2F%2Fwww.otmuchow.pl%2F&amp;usg=AFQjCNF2IWZganloLuyTlmu4c5aVGH4Gag&amp;bvm=bv.135974163,d.bGg\" onmousedown=\"return rwt(this,'','','','1','AFQjCNF2IWZganloLuyTlmu4c5aVGH4Gag','','0ahUKEwi-jverjuXPAhUBBiwKHX27DMMQFggdMAA','','',event)\">Gmina Otmuch\u00f3w<\/a><\/li>\n<li><a href=\"http:\/\/ksiestwo.nysa.pl\/\">Nyskie Ksi\u0119stwo Jezior i G\u00f3r<\/a><\/li>\n<\/ul>\n<p>&nbsp;<\/p>\n","protected":false},"excerpt":{"rendered":"<p>Linki 1) &nbsp;stron pasiek pszczelarzy z ko\u0142a Pasieka Pszcz\u00f3\u0142ka&nbsp; Pasieka-Czarkowice&nbsp;(facebook) 2) Strony zwi\u0105zku pszczelarzy i ko\u0142a Ko\u0142o Pszczelarzy w Nysie (facebook) Wojew\u00f3dzki Zwi\u0105zek Pszczelarzy w Opolu&nbsp; Wojew\u00f3dzki Zwi\u0105zek Pszczelarzy w Opolu(facebook) Polski Zwi\u0105zek Pszczlarzy Ko\u0142o pszczelarzy w G\u0142ubczycach(facebook) 3) Inne Starostwo Powiatowe w Nysie Urz\u0105d Miasta Nysa Urz\u0105d Miejski w Korfantowie&nbsp; Gmina Otmuch\u00f3w Nyskie Ksi\u0119stwo\u2026 <span class=\"read-more\"><a href=\"https:\/\/kpnysa.silezjaplus.eu\/index.php\/linki\/\">Dowiedz si\u0119 wi\u0119cej &raquo;<\/a><\/span><\/p>\n","protected":false},"author":1,"featured_media":0,"parent":0,"menu_order":0,"comment_status":"closed","ping_status":"closed","template":"","meta":{"footnotes":""},"class_list":["post-640","page","type-page","status-publish","hentry"],"_links":{"self":[{"href":"https:\/\/kpnysa.silezjaplus.eu\/index.php\/wp-json\/wp\/v2\/pages\/640","targetHints":{"allow":["GET"]}}],"collection":[{"href":"https:\/\/kpnysa.silezjaplus.eu\/index.php\/wp-json\/wp\/v2\/pages"}],"about":[{"href":"https:\/\/kpnysa.silezjaplus.eu\/index.php\/wp-json\/wp\/v2\/types\/page"}],"author":[{"embeddable":true,"href":"https:\/\/kpnysa.silezjaplus.eu\/index.php\/wp-json\/wp\/v2\/users\/1"}],"replies":[{"embeddable":true,"href":"https:\/\/kpnysa.silezjaplus.eu\/index.php\/wp-json\/wp\/v2\/comments?post=640"}],"version-history":[{"count":0,"href":"https:\/\/kpnysa.silezjaplus.eu\/index.php\/wp-json\/wp\/v2\/pages\/640\/revisions"}],"wp:attachment":[{"href":"https:\/\/kpnysa.silezjaplus.eu\/index.php\/wp-json\/wp\/v2\/media?parent=640"}],"curies":[{"name":"wp","href":"https:\/\/api.w.org\/{rel}","templated":true}]}}