{"id":637,"date":"2019-04-14T18:52:30","date_gmt":"2019-04-14T18:52:30","guid":{"rendered":"http:\/\/kpnysa.silezjaplus.eu\/index.php\/spotkania-2019-terminy-na-2019\/"},"modified":"2019-04-11T14:54:09","modified_gmt":"2019-04-11T14:54:09","slug":"spotkania-2019-terminy-na-2019","status":"publish","type":"page","link":"https:\/\/kpnysa.silezjaplus.eu\/index.php\/spotkania-2019-terminy-na-2019\/","title":{"rendered":"Spotkania 2019 &#8211;   terminy na 2019"},"content":{"rendered":"<p>Spotkania&nbsp; ko\u0142a pszczelarzy odbywaj\u0105 si\u0119 w <strong>Nysie.<\/strong><\/p>\n<p>W 2019&nbsp;roku spotkanie odbywa\u0107 si\u0119 b\u0119d\u0105 w Budynku Pa\u0144stwowej Wy\u017cszej Szko\u0142y Zawodowej w Nysie na ul. Obro\u0144c\u00f3w Tobruku&nbsp;<\/p>\n<p>Daty &nbsp;spotka\u0144 ko\u0142a w 2019&nbsp;roku.&nbsp;<\/p>\n<ul>\n<li>10 marca&nbsp; &nbsp;<\/li>\n<li>19 maja<\/li>\n<li>21 lipca<\/li>\n<li>15 wrze\u015bnia<\/li>\n<li>17 listopada<\/li>\n<\/ul>\n<p><span>Spotkania odbywaj\u0105 si\u0119 w niedziel\u0119 rozpoczynaj\u0105 si\u0119 o godz.<strong> 9.00.<\/strong><\/span><\/p>\n<p><strong>Zapraszamy&nbsp;<\/strong><\/p>\n<p>&nbsp;<\/p>\n","protected":false},"excerpt":{"rendered":"<p>Spotkania&nbsp; ko\u0142a pszczelarzy odbywaj\u0105 si\u0119 w Nysie. W 2019&nbsp;roku spotkanie odbywa\u0107 si\u0119 b\u0119d\u0105 w Budynku Pa\u0144stwowej Wy\u017cszej Szko\u0142y Zawodowej w Nysie na ul. Obro\u0144c\u00f3w Tobruku&nbsp; Daty &nbsp;spotka\u0144 ko\u0142a w 2019&nbsp;roku.&nbsp; 10 marca&nbsp; &nbsp; 19 maja 21 lipca 15 wrze\u015bnia 17 listopada Spotkania odbywaj\u0105 si\u0119 w niedziel\u0119 rozpoczynaj\u0105 si\u0119 o godz. 9.00. Zapraszamy&nbsp; &nbsp;<\/p>\n","protected":false},"author":1,"featured_media":0,"parent":0,"menu_order":0,"comment_status":"closed","ping_status":"closed","template":"","meta":{"footnotes":""},"class_list":["post-637","page","type-page","status-publish","hentry"],"_links":{"self":[{"href":"https:\/\/kpnysa.silezjaplus.eu\/index.php\/wp-json\/wp\/v2\/pages\/637","targetHints":{"allow":["GET"]}}],"collection":[{"href":"https:\/\/kpnysa.silezjaplus.eu\/index.php\/wp-json\/wp\/v2\/pages"}],"about":[{"href":"https:\/\/kpnysa.silezjaplus.eu\/index.php\/wp-json\/wp\/v2\/types\/page"}],"author":[{"embeddable":true,"href":"https:\/\/kpnysa.silezjaplus.eu\/index.php\/wp-json\/wp\/v2\/users\/1"}],"replies":[{"embeddable":true,"href":"https:\/\/kpnysa.silezjaplus.eu\/index.php\/wp-json\/wp\/v2\/comments?post=637"}],"version-history":[{"count":0,"href":"https:\/\/kpnysa.silezjaplus.eu\/index.php\/wp-json\/wp\/v2\/pages\/637\/revisions"}],"wp:attachment":[{"href":"https:\/\/kpnysa.silezjaplus.eu\/index.php\/wp-json\/wp\/v2\/media?parent=637"}],"curies":[{"name":"wp","href":"https:\/\/api.w.org\/{rel}","templated":true}]}}