{"id":635,"date":"2020-04-02T14:53:35","date_gmt":"2020-04-02T14:53:35","guid":{"rendered":"http:\/\/kpnysa.silezjaplus.eu\/index.php\/stowarzyszenie\/"},"modified":"2024-06-17T18:43:41","modified_gmt":"2024-06-17T18:43:41","slug":"stowarzyszenie","status":"publish","type":"page","link":"https:\/\/kpnysa.silezjaplus.eu\/index.php\/stowarzyszenie\/","title":{"rendered":"Stowarzyszenie"},"content":{"rendered":"<p>Dane Stowarzyszenia<\/p>\n<p>nazwa;&nbsp; Nyskiego Stowarzyszenia Pszczelarzy im. ks. dr Jana Dzier\u017cona<\/p>\n<p>\nnr&nbsp;konta: 11 8872 0003 0000 6934 2000 0010<\/p>\n<p>adres: <strong>ul. gen. W\u0142adys\u0142awa Sikorskiego 7,&nbsp;48-385 Otmuch\u00f3w<\/strong><\/p>\n<p>NIP: <strong>7532445640<\/strong><br \/>\nREGON: <strong>368266945<\/strong><\/p>\n<p>KRS: <strong>0000695196<\/strong><\/p>\n<p>&nbsp;<\/p>\n<p><!--\n\n\n<p>W Kole Pszczelarzy w Nysie zrzeszonych jest&nbsp;<strong>140<\/strong> pszczelarzy&nbsp; posiadaj\u0105cy \u0142\u0105cznie <strong>4441<\/strong> &nbsp;&nbsp;rodziny pszczele.&nbsp;<br \/>\n(stan na 2016 rok)<\/p>\n\n\n\n\n\n<p>Lista pszczelarzy zrzeszonych w Kole Pszczelarzy w Nysie &nbsp;wg .gmin&nbsp;<\/p>\n\n\n\n\n\n<p><strong>Gmina &nbsp;Nysa<\/strong><br \/>\n&nbsp;&nbsp;&nbsp;&nbsp;&nbsp;&nbsp;&nbsp;&nbsp;&nbsp;&nbsp;&nbsp;&nbsp;&nbsp;83 pszczelarzy &nbsp;&nbsp;&nbsp;&nbsp;&nbsp;&nbsp;&nbsp;&nbsp;&nbsp;2.576 rodziny<\/p>\n\n\n\n\n\n<p><strong>&nbsp;Gmina &nbsp;Korfant\u00f3w<\/strong><br \/>\n&nbsp;&nbsp;&nbsp;&nbsp;&nbsp;&nbsp;&nbsp;&nbsp;&nbsp;&nbsp;&nbsp;&nbsp;21 pszczelarzy, &nbsp;&nbsp;&nbsp;&nbsp;&nbsp;&nbsp;&nbsp;&nbsp;&nbsp;909 rodzin<\/p>\n\n\n\n\n\n<p><strong>Gmina &nbsp;Otmuch\u00f3w<\/strong><br \/>\n&nbsp;&nbsp;&nbsp;&nbsp;&nbsp;&nbsp;&nbsp;&nbsp;&nbsp;&nbsp;&nbsp;&nbsp;13 pszczelarzy. &nbsp;&nbsp;&nbsp;&nbsp;&nbsp;&nbsp;&nbsp;&nbsp;&nbsp;438 rodzin<\/p>\n\n\n\n\n\n<p><strong>&nbsp;Gmina \u0141ambinowice<\/strong><br \/>\n&nbsp;&nbsp;&nbsp;&nbsp;&nbsp;&nbsp;&nbsp;&nbsp;&nbsp;&nbsp;&nbsp;&nbsp;6 pszczelarzy, &nbsp;&nbsp;&nbsp;&nbsp;&nbsp;&nbsp;&nbsp;&nbsp;&nbsp;123 rodziny<\/p>\n\n\n\n\n\n<p><strong>Gmina Pakos\u0142awice<\/strong><br \/>\n&nbsp;&nbsp;&nbsp;&nbsp;&nbsp;&nbsp;&nbsp;&nbsp;&nbsp;&nbsp;&nbsp;&nbsp;6 pszczelarzy, &nbsp;&nbsp;&nbsp;&nbsp;&nbsp;&nbsp;&nbsp;&nbsp;&nbsp;148 rodzin<\/p>\n\n\n\n\n\n<p><strong>Gmina Kamiennik<\/strong><br \/>\n&nbsp;&nbsp;&nbsp;&nbsp;&nbsp;&nbsp;&nbsp;&nbsp;&nbsp;&nbsp;&nbsp;&nbsp;4 pszczelarzy, &nbsp;&nbsp;&nbsp;&nbsp;&nbsp;&nbsp;&nbsp;&nbsp;&nbsp;65 rodzin<\/p>\n\n\n\n\n\n<p><strong>Gmina Prudnik<\/strong><br \/>\n&nbsp;&nbsp;&nbsp;&nbsp;&nbsp;&nbsp;&nbsp;&nbsp;&nbsp;&nbsp;&nbsp;&nbsp;3 pszczelarzy, &nbsp;&nbsp;&nbsp;&nbsp;&nbsp;&nbsp;&nbsp;&nbsp;&nbsp;62 rodziny<\/p>\n\n\n\n\n\n<p><strong>Gmina G\u0142ucho\u0142azy<\/strong><br \/>\n&nbsp;&nbsp;&nbsp;&nbsp;&nbsp;&nbsp;&nbsp;&nbsp;&nbsp;&nbsp;&nbsp;&nbsp;3 pszczelarzy, &nbsp;&nbsp;&nbsp;&nbsp;&nbsp;&nbsp;&nbsp;&nbsp;&nbsp;90 rodzin<\/p>\n\n\n\n\n\n<p><strong>Gmina Paczk\u00f3w<\/strong><br \/>\n&nbsp;&nbsp;&nbsp;&nbsp;&nbsp;&nbsp;&nbsp;&nbsp;&nbsp;&nbsp;&nbsp;&nbsp;1 pszczelarz, &nbsp;&nbsp;&nbsp;&nbsp;&nbsp;&nbsp;&nbsp;&nbsp;&nbsp;30 rodzin<\/p>\n\n\n--><\/p>\n","protected":false},"excerpt":{"rendered":"<p>Dane Stowarzyszenia nazwa;&nbsp; Nyskiego Stowarzyszenia Pszczelarzy im. ks. dr Jana Dzier\u017cona nr&nbsp;konta: 11 8872 0003 0000 6934 2000 0010 adres: ul. gen. W\u0142adys\u0142awa Sikorskiego 7,&nbsp;48-385 Otmuch\u00f3w NIP: 7532445640 REGON: 368266945 KRS: 0000695196 &nbsp;<\/p>\n","protected":false},"author":1,"featured_media":0,"parent":0,"menu_order":0,"comment_status":"closed","ping_status":"closed","template":"","meta":{"footnotes":""},"class_list":["post-635","page","type-page","status-publish","hentry"],"_links":{"self":[{"href":"https:\/\/kpnysa.silezjaplus.eu\/index.php\/wp-json\/wp\/v2\/pages\/635","targetHints":{"allow":["GET"]}}],"collection":[{"href":"https:\/\/kpnysa.silezjaplus.eu\/index.php\/wp-json\/wp\/v2\/pages"}],"about":[{"href":"https:\/\/kpnysa.silezjaplus.eu\/index.php\/wp-json\/wp\/v2\/types\/page"}],"author":[{"embeddable":true,"href":"https:\/\/kpnysa.silezjaplus.eu\/index.php\/wp-json\/wp\/v2\/users\/1"}],"replies":[{"embeddable":true,"href":"https:\/\/kpnysa.silezjaplus.eu\/index.php\/wp-json\/wp\/v2\/comments?post=635"}],"version-history":[{"count":0,"href":"https:\/\/kpnysa.silezjaplus.eu\/index.php\/wp-json\/wp\/v2\/pages\/635\/revisions"}],"wp:attachment":[{"href":"https:\/\/kpnysa.silezjaplus.eu\/index.php\/wp-json\/wp\/v2\/media?parent=635"}],"curies":[{"name":"wp","href":"https:\/\/api.w.org\/{rel}","templated":true}]}}