{"id":634,"date":"2016-03-30T19:51:39","date_gmt":"2016-03-30T19:51:39","guid":{"rendered":"http:\/\/kpnysa.silezjaplus.eu\/index.php\/zarzad\/"},"modified":"2022-12-21T20:07:45","modified_gmt":"2022-12-21T20:07:45","slug":"zarzad","status":"publish","type":"page","link":"https:\/\/kpnysa.silezjaplus.eu\/index.php\/zarzad\/","title":{"rendered":"Zarz\u0105d"},"content":{"rendered":"<p><strong>Zarz\u0105d Nyskiego Stowarzyszenia Pszczelarzy im. ks. dr Jana Dzier\u017cona<\/strong> (wybrany w dniu 20.11.2022):<\/p>\n<table>\n<tbody>\n<tr>\n<td style=\"width: 50px\">&nbsp;<\/td>\n<td style=\"width: 200px\">&nbsp;Jerzy Duda&nbsp;<\/td>\n<td style=\"width: 200px\">&nbsp; Prezes Zarz\u0105du&nbsp;<\/td>\n<\/tr>\n<tr>\n<td>&nbsp;&nbsp;<\/td>\n<td>&nbsp;Alfred Lenkiewicz&nbsp;<\/td>\n<td>&nbsp; Z-ca Prezesa Zarz\u0105du&nbsp;<\/td>\n<\/tr>\n<tr>\n<td>&nbsp;&nbsp;<\/td>\n<td>&nbsp;Jaros\u0142aw Stopyra&nbsp;<\/td>\n<td>&nbsp; Z-ca Prezesa Zarz\u0105du<\/td>\n<\/tr>\n<tr>\n<td>&nbsp;&nbsp;<\/td>\n<td>&nbsp;Judyta Potoczak&nbsp;<\/td>\n<td>&nbsp; Skarbnik&nbsp;<\/td>\n<\/tr>\n<tr>\n<td>&nbsp;&nbsp;<\/td>\n<td>&nbsp;Janusz Kluska&nbsp;<\/td>\n<td>&nbsp; Sekretarz&nbsp;<\/td>\n<\/tr>\n<tr>\n<td>&nbsp;&nbsp;<\/td>\n<td>&nbsp;Danuta W\u0142osek&nbsp;<\/td>\n<td>&nbsp; Cz\u0142onek Zarz\u0105du&nbsp;<\/td>\n<\/tr>\n<tr>\n<td>&nbsp;&nbsp;<\/td>\n<td>&nbsp;Kwiotek Wiktor&nbsp;<\/td>\n<td>&nbsp; Cz\u0142onek Zarz\u0105du&nbsp;<\/td>\n<\/tr>\n<tr>\n<td>&nbsp;&nbsp;<\/td>\n<td>&nbsp;Grzegorz Rzucid\u0142o&nbsp;<\/td>\n<td>&nbsp; Cz\u0142onek Zarz\u0105du&nbsp;<\/td>\n<\/tr>\n<tr>\n<td>&nbsp;&nbsp;<\/td>\n<td>&nbsp;Marcin Maciejak&nbsp;<\/td>\n<td>&nbsp; Cz\u0142onek Zarz\u0105du&nbsp;<\/td>\n<\/tr>\n<\/tbody>\n<\/table>\n<p>&nbsp;<\/p>\n<p>Dane kontaktowe zosta\u0142y podane w zak\u0142adce <a href=\"http:\/\/www.kp.nysa.pl\/kp\/kontakt\">Kontakt<\/a><\/p>\n<p><!--more--><\/p>\n<p><strong>Zarz\u0105d Nyskiego Stowarzyszenia Pszczelarzy im. ks. dr Jana Dzier\u017cona<\/strong> (wybrany w dniu 20.11.2022):<\/p>\n<table>\n<tbody>\n<tr>\n<td style=\"width: 50px\">&nbsp;<\/td>\n<td style=\"width: 200px\">&nbsp;Jerzy Duda&nbsp;<\/td>\n<td style=\"width: 200px\">&nbsp; Prezes Zarz\u0105du&nbsp;<\/td>\n<\/tr>\n<tr>\n<td>&nbsp;&nbsp;<\/td>\n<td>&nbsp;Alfred Lenkiewicz&nbsp;<\/td>\n<td>&nbsp; Z-ca Prezesa Zarz\u0105du&nbsp;<\/td>\n<\/tr>\n<tr>\n<td>&nbsp;&nbsp;<\/td>\n<td>&nbsp;Jaros\u0142aw Stopyra&nbsp;<\/td>\n<td>&nbsp; Z-ca Prezesa Zarz\u0105du<\/td>\n<\/tr>\n<tr>\n<td>&nbsp;&nbsp;<\/td>\n<td>&nbsp;Judyta Potoczak&nbsp;<\/td>\n<td>&nbsp; Skarbnik&nbsp;<\/td>\n<\/tr>\n<tr>\n<td>&nbsp;&nbsp;<\/td>\n<td>&nbsp;Janusz Kluska&nbsp;<\/td>\n<td>&nbsp; Sekretarz&nbsp;<\/td>\n<\/tr>\n<tr>\n<td>&nbsp;&nbsp;<\/td>\n<td>&nbsp;Danuta W\u0142osek&nbsp;<\/td>\n<td>&nbsp; Cz\u0142onek Zarz\u0105du&nbsp;<\/td>\n<\/tr>\n<tr>\n<td>&nbsp;&nbsp;<\/td>\n<td>&nbsp;Kwiotek Wiktor&nbsp;<\/td>\n<td>&nbsp; Cz\u0142onek Zarz\u0105du&nbsp;<\/td>\n<\/tr>\n<tr>\n<td>&nbsp;&nbsp;<\/td>\n<td>&nbsp;Grzegorz Rzucid\u0142o&nbsp;<\/td>\n<td>&nbsp; Cz\u0142onek Zarz\u0105du&nbsp;<\/td>\n<\/tr>\n<tr>\n<td>&nbsp;&nbsp;<\/td>\n<td>&nbsp;Marcin Maciejak&nbsp;<\/td>\n<td>&nbsp; Cz\u0142onek Zarz\u0105du&nbsp;<\/td>\n<\/tr>\n<\/tbody>\n<\/table>\n<p>&nbsp;<\/p>\n<p>Dane kontaktowe zosta\u0142y podane w zak\u0142adce <a href=\"http:\/\/www.kp.nysa.pl\/kp\/kontakt\">Kontakt<\/a><\/p>\n","protected":false},"excerpt":{"rendered":"<p>Zarz\u0105d Nyskiego Stowarzyszenia Pszczelarzy im. ks. dr Jana Dzier\u017cona (wybrany w dniu 20.11.2022): &nbsp; &nbsp;Jerzy Duda&nbsp; &nbsp; Prezes Zarz\u0105du&nbsp; &nbsp;&nbsp; &nbsp;Alfred Lenkiewicz&nbsp; &nbsp; Z-ca Prezesa Zarz\u0105du&nbsp; &nbsp;&nbsp; &nbsp;Jaros\u0142aw Stopyra&nbsp; &nbsp; Z-ca Prezesa Zarz\u0105du &nbsp;&nbsp; &nbsp;Judyta Potoczak&nbsp; &nbsp; Skarbnik&nbsp; &nbsp;&nbsp; &nbsp;Janusz Kluska&nbsp; &nbsp; Sekretarz&nbsp; &nbsp;&nbsp; &nbsp;Danuta W\u0142osek&nbsp; &nbsp; Cz\u0142onek Zarz\u0105du&nbsp; &nbsp;&nbsp; &nbsp;Kwiotek Wiktor&nbsp; &nbsp; Cz\u0142onek Zarz\u0105du&nbsp;\u2026 <span class=\"read-more\"><a href=\"https:\/\/kpnysa.silezjaplus.eu\/index.php\/zarzad\/\">Dowiedz si\u0119 wi\u0119cej &raquo;<\/a><\/span><\/p>\n","protected":false},"author":1,"featured_media":0,"parent":0,"menu_order":0,"comment_status":"closed","ping_status":"closed","template":"","meta":{"footnotes":""},"class_list":["post-634","page","type-page","status-publish","hentry"],"_links":{"self":[{"href":"https:\/\/kpnysa.silezjaplus.eu\/index.php\/wp-json\/wp\/v2\/pages\/634","targetHints":{"allow":["GET"]}}],"collection":[{"href":"https:\/\/kpnysa.silezjaplus.eu\/index.php\/wp-json\/wp\/v2\/pages"}],"about":[{"href":"https:\/\/kpnysa.silezjaplus.eu\/index.php\/wp-json\/wp\/v2\/types\/page"}],"author":[{"embeddable":true,"href":"https:\/\/kpnysa.silezjaplus.eu\/index.php\/wp-json\/wp\/v2\/users\/1"}],"replies":[{"embeddable":true,"href":"https:\/\/kpnysa.silezjaplus.eu\/index.php\/wp-json\/wp\/v2\/comments?post=634"}],"version-history":[{"count":0,"href":"https:\/\/kpnysa.silezjaplus.eu\/index.php\/wp-json\/wp\/v2\/pages\/634\/revisions"}],"wp:attachment":[{"href":"https:\/\/kpnysa.silezjaplus.eu\/index.php\/wp-json\/wp\/v2\/media?parent=634"}],"curies":[{"name":"wp","href":"https:\/\/api.w.org\/{rel}","templated":true}]}}