{"id":633,"date":"2016-03-30T19:47:02","date_gmt":"2016-03-30T19:47:02","guid":{"rendered":"http:\/\/kpnysa.silezjaplus.eu\/index.php\/historia-kola\/"},"modified":"2016-04-07T16:41:29","modified_gmt":"2016-04-07T16:41:29","slug":"historia-kola","status":"publish","type":"page","link":"https:\/\/kpnysa.silezjaplus.eu\/index.php\/historia-kola\/","title":{"rendered":"Historia ko\u0142a"},"content":{"rendered":"<p>Trudno\u015bci czas\u00f3w <strong>II wojny \u015bwiatowej<\/strong>, a szczeg\u00f3lnie zniszczenia, jakich dokonano w ostatnich miesi\u0105cach wojny na terenach Ziemi Nyskiej, spowodowa\u0142y niemal kompletn\u0105 dewastacj\u0119 poniemieckich pasiek pszczelich. W\u015br\u00f3d osadnik\u00f3w przybywaj\u0105cych do Nysy i okolic byli pszczelarze, a tak\u017ce mi\u0142o\u015bnicy pszcz\u00f3\u0142 rozumiej\u0105cy wag\u0119 pszcz\u00f3\u0142 w odbudowie gospodarki rolnej, sadowniczej i warzywniczej.<\/p>\n<p>Na szczeg\u00f3lne podkre\u015blenie zas\u0142uguje fakt, \u017ce pionierami w rozwoju pszczelarstwa w Nysie by\u0142o \u015brodowisko kolejarzy. To w\u0142a\u015bnie kolejarze: Marian Go\u0142\u0105b, Karol Bystro\u0144, Rudolf Loter Cembrzy\u0144ski byli tymi, kt\u00f3rzy ju\u017c w <strong>1945 <\/strong>roku za\u0142o\u017cyli istniej\u0105ce do dzi\u015b pasieczysko na terenie kolejowym, na zapleczu budynku przy ul. Kolejowej 2 w Nysie. Inicjatywa ta znalaz\u0142a zrozumienie i akceptacj\u0119 w\u0142adz kolejowych, a szczeg\u00f3lnie dyrektora DOKP w Katowicach in\u017c. Ol\u0119dzkiego.<\/p>\n<p>Na terenie pasieczyska by\u0142o siedem rodzin pszczelich, a ich w\u0142a\u015bciciele otworzyli sekcj\u0119 hodowc\u00f3w pszcz\u00f3\u0142 przy Kole Zwi\u0105zku Zawodowego Kolejarzy w Nysie.<\/p>\n<p>W roku <strong>1949<\/strong> zakupiono na \u015al\u0105sku Cieszy\u0144skim 10 rodzin pszczelich od cz\u0142onk\u00f3w bardzo pr\u0119\u017cnie dzia\u0142aj\u0105cej w okresie mi\u0119dzywojennym \u201eRodziny Kolejowej\u201d i przewieziono je w miesi\u0105cu maju do Nysy. Na prze\u0142omie lat <strong>1950\/51<\/strong> sekcja hodowc\u00f3w pszcz\u00f3\u0142 zorganizowa\u0142a si\u0119 jako Ko\u0142o Pszczelarzy przy Radzie Zwi\u0105zku Zawodowego Kolejarzy w Nysie. Ko\u0142o to korzysta\u0142o z pomocy instruktora in\u017c. Radzika, pracownika Wojew\u00f3dzkiej Rady Narodowej w Opolu. By\u0142o to potrzebne, bo w roku <strong>1950<\/strong> we wsi Konradowa prof. Stanis\u0142aw Kirkor wykry\u0142 chorob\u0119 roztoczow\u0105 pszcz\u00f3\u0142, przeniesion\u0105 prawdopodobnie z Czechos\u0142owacji. Dzi\u0119ki skrupulatnym i \u017cmudnym zabiegom pszczelarzy oraz efektownej pomocy fachowej lekarzy weterynarii chorob\u0119 opanowano i nie dopuszczono do jej rozprzestrzenienia.<\/p>\n<p>Rozw\u00f3j zainteresowania pszczelarstwem spowodowa\u0142 potrzeb\u0119 zorganizowania w roku <strong>1956<\/strong> Opolskiego Zwi\u0105zku Pszczelarskiego \u2013 Zarz\u0105du Powiatowego w Nysie. Pierwszymi dzia\u0142aczami tego Zarz\u0105du byli: in\u017c. Karol Szybka \u2013 prezes, in\u017c. Jan Sekut \u2013 sekretarz, Marian Go\u0142\u0105b \u2013 skarbnik, Karol Bystro\u0144 \u2013 przewodnicz\u0105cy komisji rewizyjnej.<\/p>\n<p>Rozpocz\u0119to systematyczne szkolenia pszczelarzy na kursach powadzonych przez Jerzego Cie\u015bl\u0119, Stanis\u0142aw\u0119 Kumko, Boles\u0142awa Brandysa, ksi\u0119dza Mazaka i wielu innych. Kursy te organizowano w salach wyk\u0142adowych stacji kolejowej Nysa, u\u017cyczonych bezp\u0142atnie co szczeg\u00f3lnie warte jest podkre\u015blenia.<\/p>\n<p>W roku <strong>1958<\/strong> staraniem \u00f3wczesnego prezesa Ko\u0142a Pszczelarzy w Nysie prof. Kazimierza Micu\u0142y i sekretarza Szczepana Barana zorganizowano kurs o tematyce pszczelarskiej, kt\u00f3ry uko\u0144czy\u0142o 32 pszczelarzy. Opr\u00f3cz tego zorganizowano kurs na tytu\u0142 \u201eMistrza Pszczelarskiego\u201d i drugi na tytu\u0142 \u201eRzeczoznawcy chor\u00f3b pszczelich\u201d. Po uko\u0144czeniu kursu rzeczoznawcy, wykorzystuj\u0105c zdobyt\u0105 wiedz\u0119 przy wsp\u00f3\u0142pracy pracownik\u00f3w Urz\u0119du Miejskiego (wydzia\u0142 rolnictwa), przyst\u0105pili do systematycznych kontroli pasiek, kt\u00f3re trwa\u0142y przez kilkana\u015bcie lat na terenie powiatu nyskiego, co w du\u017cej mierze mia\u0142o wp\u0142yw na popraw\u0119 zdrowotno\u015bci rodzin pszczelich.<\/p>\n<p>Wieloletni\u0105 dzia\u0142alno\u015bci\u0105 Ko\u0142a Pszczelarzy w Nysie kierowali prezesi: in\u017c. Karol Szybka, in\u017c. Jan Sekut, Aldona Skulimowska, mag in\u017c. Kazimierz Micu\u0142a, Emil Sielecki, Marian Kraczmar. Byli oni inicjatorami wielu po\u017cytecznych akcji dla \u015brodowiska pszczelarskiego. Jedn\u0105 z nich by\u0142o wmurowanie tablicy pami\u0105tkowej ku czci Jana Dzier\u017cona w 177 rocznic\u0119 jego urodzin. Tablic\u0119 wmurowano na zabytkowej kamienicy przy rynku w Nysie w dniu 12 listopada <strong>1988 <\/strong>roku.<\/p>\n<p>W <strong>1990<\/strong> roku w kolejnych wyborach zosta\u0142 wybrany nowy zarz\u0105d. Prezesem Ko\u0142a zosta\u0142 Marian Kraczmar, sekretarzem \u2013 W\u0142adys\u0142aw Czerechowski, wiceprezesem \u2013 Piotr Ciszewski, skarbnikiem \u2013 Grzegorz J\u00f3zefowicz, a cz\u0142onkiem zarz\u0105du Mieczys\u0142aw Sobolak.<\/p>\n<p>Natomiast w <strong>1994 <\/strong>roku w sk\u0142ad zarz\u0105du w miejsce W\u0142adys\u0142awa Czerechowskiego zosta\u0142 wybrany nowy sekretarz \u2013 Marian Potyra\u0142a, kt\u00f3ry razem z prezesem Marianem Kraczmarem pe\u0142ni\u0105 te funkcje do chwili obecnej tj. koniec 2013 roku.<\/p>\n<p>Pozosta\u0142e funkcje w zarz\u0105dzie pe\u0142nili, po Grzegorzu J\u00f3zefowiczu od 2004 roku sekretarzem zosta\u0142 Zygmunt Michalak. Wiceprezesami po Piotrze Ciszewskim byli Krzysztof Burzec, a od 2008 roku do obecnej chwili jest Andrzej Filipowski, a cz\u0142onkami zarz\u0105du w poszczeg\u00f3lnych kadencjach byli Tomasz Kos i Alfred Lenkiewicz , kt\u00f3ry jest do dzisiaj.<\/p>\n<p>Funkcj\u0119 przewodniczego Komisji Rewizyjnej w latach 1990-2011 pe\u0142ni\u0142 Stefan Duda\u0142a, a od 2012 roku funkcj\u0119 t\u0119 przej\u0119\u0142a Barbara To\u0142\u0142oczko.<\/p>\n<p>Zarz\u0105d od 1990 roku w\/w sk\u0142adach osobowych zajmowa\u0142 si\u0119 :<\/p>\n<ul>\n<li>organizacj\u0105 zaopatrzenia pszczelarzy w cukier a w ostatnich latach syrop (inwert) na jesienne karmienie pszcz\u00f3\u0142,<\/li>\n<li>zaopatrzeniem pszczelarzy w leki do zwalczania chor\u00f3b pszczelich,<\/li>\n<li>zaopatrzeniem pszczelarzy w matki pszczele z pasiek zarodowych, a przez ostatnie cztery lata odk\u0142ady i pakiety,<\/li>\n<li>organizacj\u0105 r\u00f3\u017cnych wyjazd\u00f3w, jak np. na coroczne Og\u00f3lnopolskie Dni Pszczelarzy, do Bartnika S\u0105deckiego, Ba\u0142towa, Instytutu Pszczelarskiego w Doll ko\u0142o Pragi Czeskiej, Kamie\u0144ca Z\u0105bkowickiego, Kamienia<\/li>\n<li>\u015al\u0105skiego, O\u015brodka Doradztwa Rolniczego w \u0141osiowie i wsz\u0119dzie tam, gdzie by\u0142y ciekawe wyk\u0142ady, prelekcje i seminaria o tematyce pszczelarskiej. Na powy\u017cszych imprezach zainteresowani pszczelarze mogli si\u0119 w r\u00f3\u017cnorodny sprz\u0119t pszczelarski oraz produkty pszczele .<\/li>\n<li>organizacj\u0105 szkole\u0144 dla pszczelarzy w zakresie chor\u00f3b pszczelich, ekonomi\u0105 prowadzenia pasiek i sprzeda\u017c\u0105 produkt\u00f3w pszczelich,<\/li>\n<li>organizacj\u0105 corocznego wyjazdu do Cz\u0119stochowy na \u015awi\u0119to Patrona Pszczelarzy \u015aw. Ambro\u017cego,<\/li>\n<li>organizacj\u0105, od dw\u00f3ch lat, \u015awi\u0119ta Miodu w Nysie przy Ko\u015bciele Piotra i Paw\u0142a wsp\u00f3lnie z Proboszczem Piotrem Burczykiem i UMiG Nysa.<\/li>\n<li>udzielaniem wszechstronnej pomocy pszczelarzom oraz \u015bcis\u0142\u0105 wsp\u00f3\u0142prac\u0105 z WZP w Opolu i UMiG w Nysie. Spo\u015br\u00f3d cz\u0142onk\u00f3w Zarz\u0105du Ko\u0142a, jak i pszczelarzy wybierani s\u0105 delegaci na Walny Zjazd WZP i bardzo cz\u0119sto wchodz\u0105 w sk\u0142ad Zarz\u0105du WZP w Opolu .<\/li>\n<li>Dzia\u0142alno\u015b\u0107 prezes\u00f3w , kolejnych Zarz\u0105d\u00f3w Ko\u0142a i poszczeg\u00f3lnych pszczelarzy \u2013 cz\u0142onk\u00f3w jest istotnym wk\u0142adem w rozw\u00f3j pszczelarstwa na Ziemi Nyskiej. W uznaniu zas\u0142ug za spo\u0142eczn\u0105 prac\u0119 na rzecz rozwoju pszczelarstwa, a tym samym i rolnictwa, pszczelarze byli odznaczani br\u0105zowymi, srebrnymi i z\u0142otymi Odznakami PZP, Medalem ks. Dzier\u017cona, Statuetk\u0105 ks. Dzier\u017cona, jak r\u00f3wnie\u017c dyplomami Zas\u0142u\u017cony dla Rozwoju Rolnictwa w Gminie i Powiecie Nyskim.<\/li>\n<\/ul>\n<p>Obecnie w Kole nyskim jest 121 pszczelarzy kt\u00f3rzy s\u0105 w posiadaniu 3702 rodzin pszczelich. Ko\u0142o Pszczelarzy w Nysie jest jednym z najbardziej pr\u0119\u017cnych k\u00f3\u0142 na Opolszczy\u017anie.<\/p>\n<p><strong>Nysa 02.12.2013.<\/strong><\/p>\n<p>Podsumowania dokona\u0142 M. Kraczmar i M. Potyra\u0142a<\/p>\n","protected":false},"excerpt":{"rendered":"<p>Trudno\u015bci czas\u00f3w II wojny \u015bwiatowej, a szczeg\u00f3lnie zniszczenia, jakich dokonano w ostatnich miesi\u0105cach wojny na terenach Ziemi Nyskiej, spowodowa\u0142y niemal kompletn\u0105 dewastacj\u0119 poniemieckich pasiek pszczelich. W\u015br\u00f3d osadnik\u00f3w przybywaj\u0105cych do Nysy i okolic byli pszczelarze, a tak\u017ce mi\u0142o\u015bnicy pszcz\u00f3\u0142 rozumiej\u0105cy wag\u0119 pszcz\u00f3\u0142 w odbudowie gospodarki rolnej, sadowniczej i warzywniczej. Na szczeg\u00f3lne podkre\u015blenie zas\u0142uguje fakt, \u017ce pionierami\u2026 <span class=\"read-more\"><a href=\"https:\/\/kpnysa.silezjaplus.eu\/index.php\/historia-kola\/\">Dowiedz si\u0119 wi\u0119cej &raquo;<\/a><\/span><\/p>\n","protected":false},"author":1,"featured_media":0,"parent":0,"menu_order":0,"comment_status":"closed","ping_status":"closed","template":"","meta":{"footnotes":""},"class_list":["post-633","page","type-page","status-publish","hentry"],"_links":{"self":[{"href":"https:\/\/kpnysa.silezjaplus.eu\/index.php\/wp-json\/wp\/v2\/pages\/633","targetHints":{"allow":["GET"]}}],"collection":[{"href":"https:\/\/kpnysa.silezjaplus.eu\/index.php\/wp-json\/wp\/v2\/pages"}],"about":[{"href":"https:\/\/kpnysa.silezjaplus.eu\/index.php\/wp-json\/wp\/v2\/types\/page"}],"author":[{"embeddable":true,"href":"https:\/\/kpnysa.silezjaplus.eu\/index.php\/wp-json\/wp\/v2\/users\/1"}],"replies":[{"embeddable":true,"href":"https:\/\/kpnysa.silezjaplus.eu\/index.php\/wp-json\/wp\/v2\/comments?post=633"}],"version-history":[{"count":0,"href":"https:\/\/kpnysa.silezjaplus.eu\/index.php\/wp-json\/wp\/v2\/pages\/633\/revisions"}],"wp:attachment":[{"href":"https:\/\/kpnysa.silezjaplus.eu\/index.php\/wp-json\/wp\/v2\/media?parent=633"}],"curies":[{"name":"wp","href":"https:\/\/api.w.org\/{rel}","templated":true}]}}